{"id":4674,"date":"2012-10-05T05:19:35","date_gmt":"2012-10-05T10:19:35","guid":{"rendered":"http:\/\/mcturgeon.com\/blog\/?page_id=4674"},"modified":"2013-02-22T10:31:31","modified_gmt":"2013-02-22T15:31:31","slug":"bibliotheque-bookshelve","status":"publish","type":"page","link":"https:\/\/mcturgeon.com\/blog\/bibliotheque-bookshelve\/","title":{"rendered":"Biblioth\u00e8que &#8211; Bookshelve"},"content":{"rendered":"<p><strong>Creativity &#038; Spirituality<\/strong><br \/>\n<high>The Creative Habit: Learn It and Use It for Life,\tTwyla Tharp<br \/>\nThe Art of Non-Conformity: Set Your Own Rules, Live the Life You Want, and Change the World, Chris Guillebeau<br \/>\nSteal Like an Artist: 10 Things Nobody Told You about Being Creative,\tAustin Kleon<br \/>\nDrawing on the Right Side of the Brain,\tBetty Edwards<br \/>\nWhat it Is,\tLynda Barry<br \/>\nThe Fire Starter Sessions: A Soulful + Practical Guide to Creating Success on Your Own Terms, Danielle Laporte<br \/>\nThe Goddess Within: A Guide to the Eternal Myths that Shape Women&#8217;s Lives,\tJennifer Barker Woolger<br \/>\nAwakening Joy: 10 Steps That Will Put You on the Road to Real Happiness,\tJames Baraz<br \/>\nThe power of Now, Eckart Tolle<br \/>\nAnatomy of the Spirit: The Seven Stages of Power and Healing,\tCaroline Myss<br \/>\n* Women Who Run With the Wolves: Myths and Stories of the Wild Woman Archetype,\tClarissa Pinkola Est\u00e9s<br \/>\nFloor Sample,\tJulia Cameron<br \/>\nWalking in this World,\tJulia Cameron<br \/>\nThe Vein of Gold,\tJulia Cameron<br \/>\nThe Right to Write: An Invitation and Initiation into the Writing Life,\tJulia Cameron<br \/>\n* The Artist&#8217;s Way: A Spiritual Path to Higher Creativity,\tJulia Cameron<br \/>\nGod is No Laughing Matter,\tJulia Cameron<br \/>\nFinding Water: The Art of Perseverance,\tJulia Cameron<br \/>\nLetters to a Young Artist: Building a Life in Art,\tJulia Cameron<br \/>\nThe Guerilla Art Kit,\tKeri Smith<br \/>\nWreck This Journal,\tKeri Smith<br \/>\nThis Is Not a Book,\tKeri Smith<br \/>\nHow to Be an Explorer of the World: Portable Life Museum,\tKeri Smith<br \/>\nLiving Out Loud: Activities to Fuel a Creative Life,\tKeri Smith<br \/>\nLearning by Heart: Teachings To Free The Creative Spirit,\tCorita Kent<br \/>\nPersonal Power through Awareness: A Guidebook for Sensitive People,\tSanaya Roman<br \/>\n* Living with Joy: Keys to Personal Power and Spiritual Transformation,\tSanaya Roman<br \/>\n* Creating Money: Keys to Abundance, Sanaya Roman<br \/>\nAll the Wrong People Have Self-Esteem: An Inappropriate Book for Young Ladies,\tLaurie Rosenwald<br \/>\nEarth: Pleiadian Keys to the Living Library,\tBarbara Marciniak<br \/>\nThe Nature of Personal Reality: Specific, Practical Techniques for Solving Everyday Problems and Enriching the Life You Know,\tJane Roberts<br \/>\nThe Seed Handbook: The Feminine Way to Create Business,\tLynne Franks<br \/>\nSeth Speaks: The Eternal Validity of the Soul,\tJane Roberts<br \/>\n* Creative Visualization: Use the Power of Your Imagination to Create What You Want in Your Life,\tShakti Gawain<br \/>\nCatching the Big Fish: Meditation, Consciousness, and Creativity,\tDavid Lynch<br \/>\nNew York Notebook: A Blank Book with Useful Stuff in It,\tLaurie Rosenwald<br \/>\nThe Principles of Uncertainty,\tMaira Kalman<br \/>\nOrbiting the Giant Hairball: A Corporate Fool&#8217;s Guide to Surviving with Grace,\tGordon MacKenzie<br \/>\nWho Let the Blogs Out?: A Hyperconnected Peek at the World of Weblogs,\tBiz Stone<br \/>\nThe Lost Soul Companion: A Book of Comfort and Constructive Advice for Black Sheep, Square Pegs, Struggling Artists, and Other Free Spirits,\tSusan M. Brackney<br \/>\nBringers of the Dawn: Teachings from the Pleiadians,\tBarbara Marciniak<br \/>\nWriting Down the Bones: Freeing the Writer Within,\tNatalie Goldberg<br \/>\nFabulous Friendship Festival: Loving Wildly, Learning Deeply, Living Fully with Our Friends,\tSARK<br \/>\nChange Your Life Without Getting Out of Bed: The Ultimate Nap Book,\tSARK<br \/>\nProsperity Pie: How to Relax About Money and Everything Else,\tSARK<br \/>\nCreative Companion: How to Free Your Creative Spirit,\tSARK<br \/>\nInspiration Sandwich: Stories to Inspire Our Creative Freedom,\tSARK<br \/>\nThe Bodacious Book of Succulence: Daring to Live Your Succulent Wild Life,\tSARK<br \/>\nEat Mangoes Naked: Finding Pleasure Everywhere (and dancing with the Pits),\tSARK<br \/>\nSpilling Open: The Art of Becoming Yourself,\tSabrina Ward Harrison<br \/>\nSucculent Wild Woman,\tSARK<br \/>\nGrow &#8211; The Modern Woman&#8217;s Handbook &#8211; How to Connect with Self, Lovers, and Others,\tLynne Franks<br \/>\nLiving in the Light: A Guide to Personal and Planetary Transformation, \tShakti Gawain<br \/>\nDiary of a Psychic: Shattering the Myths, Sonia Choquette<\/high><\/p>\n<p><strong>Biographies, m\u00e9moires<\/strong><br \/>\n<high>The Dance of the Dissident Daughter: A Woman&#8217;s Journey from Christian Tradition to the Sacred Feminine,\tSue Monk Kidd<br \/>\nThen Again,\tDiane Keaton<br \/>\nThe Wishing Year: An Experiment in Desire,\tNoelle Oxenhandler<br \/>\nOutrageous Openness: Letting the Divine Take the Lead,\tTosha Silver<br \/>\nDon&#8217;t Fall Off the Mountain,\tShirley Maclaine<br \/>\nDance While You Can,\tShirley Maclaine<br \/>\nDancing in the Light,\tShirley Maclaine<br \/>\nOut on a Limb,\tShirley Maclaine<br \/>\nThe Camino: A Journey of the Spirit,\tShirley Maclaine<br \/>\nA Homemade Life: Stories and Recipes from My Kitchen Table,\tMolly Wizenberg<br \/>\nMemoirs of a Dutiful Daughter,\tSimone de Beauvoir<br \/>\nTout Compte Fait,\tSimone de Beauvoir<br \/>\nLa Force de l&#8217;\u00e2ge,\tSimone de Beauvoir<br \/>\nLe deuxi\u00e8me sexe, Simone de Beauvoir<br \/>\nWithout Reservations: The Travels of an Independent Woman,\tAlice Steinbach<br \/>\nEducating Alice: Adventures of a Curious Woman,\tAlice Steinbach<br \/>\nThe Great Failure: A Bartender, A Monk, and My Unlikely Path to Truth,\tNatalie Goldberg<br \/>\nLong Quiet Highway: Waking Up in America,\tNatalie Goldberg<br \/>\nPlan B: Further Thoughts on Faith,\tAnne Lamott<br \/>\nTraveling Mercies: Some Thoughts on Faith,\tAnne Lamott<br \/>\nEncore: A Journal of the Eightieth Year,\tMay Sarton<br \/>\nAfter the Stroke: A Journal,\tMay Sarton<br \/>\nAt Eighty-Two: A Journal,\tMay Sarton<br \/>\nRecovering: A Journal, May Sarton<br \/>\nPlant Dreaming Deep,\tMay Sarton<br \/>\nAt Seventy,\tMay Sarton<br \/>\nAs We Are Now,\tMay Sarton<br \/>\nThe House by the Sea,\tMay Sarton<br \/>\nJournal of a Solitude,\tMay Sarton<br \/>\nLa Vagabonde,\tColette<br \/>\nLa Naissance Du Jour,\tColette<br \/>\nL Etoile Vesper,\tColette<br \/>\nMy Mother&#8217;s House &#038; Sido,\tColette<\/high><\/p>\n<p><strong>Health<\/strong><br \/>\n<high>Women&#8217;s Bodies, Women&#8217;s Wisdom: Creating Physical and Emotional Health and Healing,\tChristiane Northrup<br \/>\nCrazy Sexy Diet: Eat Your Veggies, Ignite Your Spark, and Live Like You Mean It!,\tKris Carr<br \/>\nAni&#8217;s Raw Food Kitchen: Easy, Delectable Living Foods Recipes\tAni Phyo<br \/>\nSuper Natural Cooking: Five Delicious Ways to Incorporate Whole and Natural Foods into Your Cooking,\tHeidi Swanson<br \/>\nVeganomicon: The Ultimate Vegan Cookbook,\tIsa Chandra Moskowitz<br \/>\nEnergy Medicine,\tDonna Eden<br \/>\n<\/high><\/p>\n<p>\/\/ Livres lus dans les derni\u00e8res ann\u00e9es, biographies et m\u00e9moires, et ouvrages sur le d\u00e9veloppement de notre potentiel cr\u00e9atif. Mes lectures sont aussi accessible sur <a href=\"http:\/\/www.goodreads.com\/author\/show\/5622195.Marie_Chantale_Turgeon\">Goodreads<\/a><\/p>\n<p>\/\/ A list of the books i have been reading. As you will see, i&#8217;m mostly into biographies &#038; memoirs, and books about creativity and growth. I also keep a list on <a href=\"http:\/\/www.goodreads.com\/author\/show\/5622195.Marie_Chantale_Turgeon\">Goodreads<\/a><\/p>\n","protected":false},"excerpt":{"rendered":"<p>Creativity &#038; Spirituality The Creative Habit: Learn It and Use It for Life, Twyla Tharp The Art of Non-Conformity: Set Your Own Rules, Live the Life You Want, and Change the World, Chris Guillebeau Steal Like an Artist: 10 Things Nobody Told You about Being Creative, Austin Kleon Drawing on the Right Side of the&hellip; <a class=\"more-link\" href=\"https:\/\/mcturgeon.com\/blog\/bibliotheque-bookshelve\/\">Continue reading <span class=\"screen-reader-text\">Biblioth\u00e8que &#8211; Bookshelve<\/span><\/a><\/p>\n","protected":false},"author":2,"featured_media":0,"parent":0,"menu_order":0,"comment_status":"open","ping_status":"open","template":"","meta":{"footnotes":""},"_links":{"self":[{"href":"https:\/\/mcturgeon.com\/blog\/wp-json\/wp\/v2\/pages\/4674"}],"collection":[{"href":"https:\/\/mcturgeon.com\/blog\/wp-json\/wp\/v2\/pages"}],"about":[{"href":"https:\/\/mcturgeon.com\/blog\/wp-json\/wp\/v2\/types\/page"}],"author":[{"embeddable":true,"href":"https:\/\/mcturgeon.com\/blog\/wp-json\/wp\/v2\/users\/2"}],"replies":[{"embeddable":true,"href":"https:\/\/mcturgeon.com\/blog\/wp-json\/wp\/v2\/comments?post=4674"}],"version-history":[{"count":1,"href":"https:\/\/mcturgeon.com\/blog\/wp-json\/wp\/v2\/pages\/4674\/revisions"}],"predecessor-version":[{"id":4675,"href":"https:\/\/mcturgeon.com\/blog\/wp-json\/wp\/v2\/pages\/4674\/revisions\/4675"}],"wp:attachment":[{"href":"https:\/\/mcturgeon.com\/blog\/wp-json\/wp\/v2\/media?parent=4674"}],"curies":[{"name":"wp","href":"https:\/\/api.w.org\/{rel}","templated":true}]}}